{"id":3187,"date":"2024-04-23T16:32:43","date_gmt":"2024-04-23T16:32:43","guid":{"rendered":"https:\/\/cembrasites.com.br\/fazzy\/?page_id=3187"},"modified":"2024-04-23T16:35:36","modified_gmt":"2024-04-23T16:35:36","slug":"trabalhe-conosco","status":"publish","type":"page","link":"https:\/\/cembrasites.com.br\/fazzy\/trabalhe-conosco\/","title":{"rendered":"Trabalhe conosco"},"content":{"rendered":"\t\t<div data-elementor-type=\"wp-page\" data-elementor-id=\"3187\" class=\"elementor elementor-3187\">\n\t\t\t\t\t\t\t\t\t<section class=\"elementor-section elementor-top-section elementor-element elementor-element-802f686 elementor-section-full_width elementor-section-stretched elementor-section-height-default elementor-section-height-default\" data-id=\"802f686\" data-element_type=\"section\" data-settings=\"{&quot;background_background&quot;:&quot;classic&quot;,&quot;stretch_section&quot;:&quot;section-stretched&quot;}\">\n\t\t\t\t\t\t\t<div class=\"elementor-background-overlay\"><\/div>\n\t\t\t\t\t\t\t<div class=\"elementor-container elementor-column-gap-default\">\n\t\t\t\t\t<div class=\"elementor-column elementor-col-100 elementor-top-column elementor-element elementor-element-6986184b\" data-id=\"6986184b\" data-element_type=\"column\">\n\t\t\t<div class=\"elementor-widget-wrap elementor-element-populated\">\n\t\t\t\t\t\t\t\t<div class=\"elementor-element elementor-element-42f86df7 elementor-invisible elementor-widget elementor-widget-heading\" data-id=\"42f86df7\" data-element_type=\"widget\" data-settings=\"{&quot;_animation&quot;:&quot;fadeInUp&quot;,&quot;_animation_delay&quot;:500}\" data-widget_type=\"heading.default\">\n\t\t\t\t<div class=\"elementor-widget-container\">\n\t\t\t<h2 class=\"elementor-heading-title elementor-size-default\">Direitos do Titular<\/h2>\t\t<\/div>\n\t\t\t\t<\/div>\n\t\t\t\t\t<\/div>\n\t\t<\/div>\n\t\t\t\t\t\t\t<\/div>\n\t\t<\/section>\n\t\t\t\t<section class=\"elementor-section elementor-top-section elementor-element elementor-element-4256bad0 elementor-section-boxed elementor-section-height-default elementor-section-height-default\" data-id=\"4256bad0\" data-element_type=\"section\">\n\t\t\t\t\t\t<div class=\"elementor-container elementor-column-gap-default\">\n\t\t\t\t\t<div class=\"elementor-column elementor-col-100 elementor-top-column elementor-element elementor-element-5d8ca2a4\" data-id=\"5d8ca2a4\" data-element_type=\"column\">\n\t\t\t<div class=\"elementor-widget-wrap elementor-element-populated\">\n\t\t\t\t\t\t\t\t<div class=\"elementor-element elementor-element-1b6dac65 elementor-invisible elementor-widget elementor-widget-heading\" data-id=\"1b6dac65\" data-element_type=\"widget\" data-settings=\"{&quot;_animation&quot;:&quot;fadeInUp&quot;,&quot;_animation_delay&quot;:500}\" data-widget_type=\"heading.default\">\n\t\t\t\t<div class=\"elementor-widget-container\">\n\t\t\t<h2 class=\"elementor-heading-title elementor-size-default\">Voc\u00ea \u00e9 apaixonado por desafios? Procura por um ambiente de trabalho din\u00e2mico e colaborativo? Ent\u00e3o, voc\u00ea est\u00e1 no lugar certo!<\/h2>\t\t<\/div>\n\t\t\t\t<\/div>\n\t\t\t\t<div class=\"elementor-element elementor-element-20a2b4d8 elementor-widget elementor-widget-text-editor\" data-id=\"20a2b4d8\" data-element_type=\"widget\" data-widget_type=\"text-editor.default\">\n\t\t\t\t<div class=\"elementor-widget-container\">\n\t\t\t\t\t\t\t<p>Na Fazzy Internet, valorizamos a inova\u00e7\u00e3o, a criatividade e o trabalho em equipe.<\/p><p>\u00a0<\/p><p><b>Pr\u00e9-requisitos para se candidatar:<\/b><\/p><ul><li>Carteira de Motorista<\/li><li>Flexibilidade de Hor\u00e1rios para trabalhar em escala<\/li><li>Escolaridade m\u00ednima: Ensino M\u00e9dio<\/li><\/ul><p><b>Como se candidatar:<\/b><\/p><p>Enviar curr\u00edculo completo para rh@fazzy.com.br<\/p><p>\u00a0<\/p><p><b>IMPORTANTE:<\/b><\/p><p>Nossa sele\u00e7\u00e3o de candidatos \u00e9 feita exclusivamente por meio dos curr\u00edculos recebidos pelo e-mail. N\u00e3o utilize outra forma de comunica\u00e7\u00e3o al\u00e9m dessa.<\/p>\t\t\t\t\t\t<\/div>\n\t\t\t\t<\/div>\n\t\t\t\t\t<\/div>\n\t\t<\/div>\n\t\t\t\t\t\t\t<\/div>\n\t\t<\/section>\n\t\t\t\t<section class=\"elementor-section elementor-top-section elementor-element elementor-element-643466df elementor-section-boxed elementor-section-height-default elementor-section-height-default\" data-id=\"643466df\" data-element_type=\"section\">\n\t\t\t\t\t\t<div class=\"elementor-container elementor-column-gap-default\">\n\t\t\t\t\t<div class=\"elementor-column elementor-col-100 elementor-top-column elementor-element elementor-element-6392b812\" data-id=\"6392b812\" data-element_type=\"column\">\n\t\t\t<div class=\"elementor-widget-wrap elementor-element-populated\">\n\t\t\t\t\t\t\t\t<div class=\"elementor-element elementor-element-3524ecec elementor-widget elementor-widget-spacer\" data-id=\"3524ecec\" data-element_type=\"widget\" data-widget_type=\"spacer.default\">\n\t\t\t\t<div class=\"elementor-widget-container\">\n\t\t\t\t\t<div class=\"elementor-spacer\">\n\t\t\t<div class=\"elementor-spacer-inner\"><\/div>\n\t\t<\/div>\n\t\t\t\t<\/div>\n\t\t\t\t<\/div>\n\t\t\t\t\t<\/div>\n\t\t<\/div>\n\t\t\t\t\t\t\t<\/div>\n\t\t<\/section>\n\t\t\t\t\t\t\t<\/div>\n\t\t","protected":false},"excerpt":{"rendered":"<p>Direitos do Titular Voc\u00ea \u00e9 apaixonado por desafios? Procura por um ambiente de trabalho din\u00e2mico e colaborativo? Ent\u00e3o, voc\u00ea est\u00e1 no lugar certo! Na Fazzy Internet, valorizamos a inova\u00e7\u00e3o, a criatividade e o trabalho em equipe. \u00a0 Pr\u00e9-requisitos para se candidatar: Carteira de Motorista Flexibilidade de Hor\u00e1rios para trabalhar em escala Escolaridade m\u00ednima: Ensino M\u00e9dio [&hellip;]<\/p>\n","protected":false},"author":1,"featured_media":0,"parent":0,"menu_order":0,"comment_status":"closed","ping_status":"closed","template":"","meta":{"footnotes":"","_joinchat":[]},"_links":{"self":[{"href":"https:\/\/cembrasites.com.br\/fazzy\/wp-json\/wp\/v2\/pages\/3187"}],"collection":[{"href":"https:\/\/cembrasites.com.br\/fazzy\/wp-json\/wp\/v2\/pages"}],"about":[{"href":"https:\/\/cembrasites.com.br\/fazzy\/wp-json\/wp\/v2\/types\/page"}],"author":[{"embeddable":true,"href":"https:\/\/cembrasites.com.br\/fazzy\/wp-json\/wp\/v2\/users\/1"}],"replies":[{"embeddable":true,"href":"https:\/\/cembrasites.com.br\/fazzy\/wp-json\/wp\/v2\/comments?post=3187"}],"version-history":[{"count":7,"href":"https:\/\/cembrasites.com.br\/fazzy\/wp-json\/wp\/v2\/pages\/3187\/revisions"}],"predecessor-version":[{"id":3195,"href":"https:\/\/cembrasites.com.br\/fazzy\/wp-json\/wp\/v2\/pages\/3187\/revisions\/3195"}],"wp:attachment":[{"href":"https:\/\/cembrasites.com.br\/fazzy\/wp-json\/wp\/v2\/media?parent=3187"}],"curies":[{"name":"wp","href":"https:\/\/api.w.org\/{rel}","templated":true}]}}