{"id":2731,"date":"2022-12-16T13:04:21","date_gmt":"2022-12-16T13:04:21","guid":{"rendered":"https:\/\/cembrasites.com.br\/fazzy\/?page_id=2731"},"modified":"2022-12-16T13:53:46","modified_gmt":"2022-12-16T13:53:46","slug":"direitos-do-titular","status":"publish","type":"page","link":"https:\/\/cembrasites.com.br\/fazzy\/direitos-do-titular\/","title":{"rendered":"Direitos do Titular"},"content":{"rendered":"\t\t<div data-elementor-type=\"wp-page\" data-elementor-id=\"2731\" class=\"elementor elementor-2731\">\n\t\t\t\t\t\t\t\t\t<section class=\"elementor-section elementor-top-section elementor-element elementor-element-55d091e5 elementor-section-full_width elementor-section-stretched elementor-section-height-default elementor-section-height-default\" data-id=\"55d091e5\" data-element_type=\"section\" data-settings=\"{&quot;background_background&quot;:&quot;classic&quot;,&quot;stretch_section&quot;:&quot;section-stretched&quot;}\">\n\t\t\t\t\t\t\t<div class=\"elementor-background-overlay\"><\/div>\n\t\t\t\t\t\t\t<div class=\"elementor-container elementor-column-gap-default\">\n\t\t\t\t\t<div class=\"elementor-column elementor-col-100 elementor-top-column elementor-element elementor-element-cf9855c\" data-id=\"cf9855c\" data-element_type=\"column\">\n\t\t\t<div class=\"elementor-widget-wrap elementor-element-populated\">\n\t\t\t\t\t\t\t\t<div class=\"elementor-element elementor-element-5b3034d3 elementor-invisible elementor-widget elementor-widget-heading\" data-id=\"5b3034d3\" data-element_type=\"widget\" data-settings=\"{&quot;_animation&quot;:&quot;fadeInUp&quot;,&quot;_animation_delay&quot;:500}\" data-widget_type=\"heading.default\">\n\t\t\t\t<div class=\"elementor-widget-container\">\n\t\t\t<h2 class=\"elementor-heading-title elementor-size-default\">Direitos do Titular<\/h2>\t\t<\/div>\n\t\t\t\t<\/div>\n\t\t\t\t\t<\/div>\n\t\t<\/div>\n\t\t\t\t\t\t\t<\/div>\n\t\t<\/section>\n\t\t\t\t<section class=\"elementor-section elementor-top-section elementor-element elementor-element-17b9f74b elementor-section-boxed elementor-section-height-default elementor-section-height-default\" data-id=\"17b9f74b\" data-element_type=\"section\">\n\t\t\t\t\t\t<div class=\"elementor-container elementor-column-gap-default\">\n\t\t\t\t\t<div class=\"elementor-column elementor-col-100 elementor-top-column elementor-element elementor-element-482af642\" data-id=\"482af642\" data-element_type=\"column\">\n\t\t\t<div class=\"elementor-widget-wrap elementor-element-populated\">\n\t\t\t\t\t\t\t\t<div class=\"elementor-element elementor-element-3e285993 elementor-invisible elementor-widget elementor-widget-heading\" data-id=\"3e285993\" data-element_type=\"widget\" data-settings=\"{&quot;_animation&quot;:&quot;fadeInUp&quot;,&quot;_animation_delay&quot;:500}\" data-widget_type=\"heading.default\">\n\t\t\t\t<div class=\"elementor-widget-container\">\n\t\t\t<h2 class=\"elementor-heading-title elementor-size-default\">Quais dados s\u00e3o coletados?<\/h2>\t\t<\/div>\n\t\t\t\t<\/div>\n\t\t\t\t<div class=\"elementor-element elementor-element-bf1deed elementor-widget elementor-widget-text-editor\" data-id=\"bf1deed\" data-element_type=\"widget\" data-widget_type=\"text-editor.default\">\n\t\t\t\t<div class=\"elementor-widget-container\">\n\t\t\t\t\t\t\t<p>A Fazzy Internet valoriza a transpar\u00eancia e disponibiliza este canal para que voc\u00ea possa conhecer seus direitos e solicitar informa\u00e7\u00f5es sobre o tratamento dos seus dados pessoais.<br \/>O titular dos dados pessoais tratados pela Fazzy Internet poder\u00e1 solicitar:<\/p><p>\u00a0<\/p><ul><li>O acesso aos dados;<\/li><li>A corre\u00e7\u00e3o de dados incompletos, inexatos ou desatualizados;<\/li><li>A anonimiza\u00e7\u00e3o, bloqueio ou elimina\u00e7\u00e3o de dados desnecess\u00e1rios;<\/li><li>A portabilidade dos dados, mediante requisi\u00e7\u00e3o expressa (os dados ser\u00e3o entregues ao titular em formato digital [PDF, txt, CSV ou outro a ser escolhido pela Fazzy Internet], sem qualquer integra\u00e7\u00e3o de sistemas e observados os segredos comercial e industrial);<\/li><li>A elimina\u00e7\u00e3o dos dados pessoais tratados, salvo quando autorizada a conserva\u00e7\u00e3o dos dados;<\/li><li>A informa\u00e7\u00e3o sobre o uso compartilhado de dados;<\/li><li>A informa\u00e7\u00e3o sobre a possibilidade de n\u00e3o fornecer consentimento e sobre as consequ\u00eancias da negativa;<\/li><li>A revoga\u00e7\u00e3o do consentimento.<\/li><\/ul>\t\t\t\t\t\t<\/div>\n\t\t\t\t<\/div>\n\t\t\t\t\t<\/div>\n\t\t<\/div>\n\t\t\t\t\t\t\t<\/div>\n\t\t<\/section>\n\t\t\t\t<section class=\"elementor-section elementor-top-section elementor-element elementor-element-06e3575 elementor-section-boxed elementor-section-height-default elementor-section-height-default\" data-id=\"06e3575\" data-element_type=\"section\">\n\t\t\t\t\t\t<div class=\"elementor-container elementor-column-gap-default\">\n\t\t\t\t\t<div class=\"elementor-column elementor-col-100 elementor-top-column elementor-element elementor-element-07f9861\" data-id=\"07f9861\" data-element_type=\"column\">\n\t\t\t<div class=\"elementor-widget-wrap elementor-element-populated\">\n\t\t\t\t\t\t\t\t<div class=\"elementor-element elementor-element-03389c0 elementor-invisible elementor-widget elementor-widget-heading\" data-id=\"03389c0\" data-element_type=\"widget\" data-settings=\"{&quot;_animation&quot;:&quot;fadeInUp&quot;,&quot;_animation_delay&quot;:500}\" data-widget_type=\"heading.default\">\n\t\t\t\t<div class=\"elementor-widget-container\">\n\t\t\t<h2 class=\"elementor-heading-title elementor-size-default\">Enviar solicita\u00e7\u00e3o sobre o tratamento de dados.<\/h2>\t\t<\/div>\n\t\t\t\t<\/div>\n\t\t\t\t<div class=\"elementor-element elementor-element-9a919b3 elementor-widget elementor-widget-text-editor\" data-id=\"9a919b3\" data-element_type=\"widget\" data-widget_type=\"text-editor.default\">\n\t\t\t\t<div class=\"elementor-widget-container\">\n\t\t\t\t\t\t\t<p>Formul\u00e1rio de Comunica\u00e7\u00e3o de Incidente: dever\u00e1 ser criado um modelo formal para que toda a empresa utilize, em caso necess\u00e1rio, para informar sobre incidentes que envolvam viola\u00e7\u00e3o de dados pessoais, independentemente de ser vazamento externo ou acessos internos indevidos, perda de backup etc.;<\/p><p>Atrav\u00e9s deste canal, possibilitamos que voc\u00ea solicite a consulta, a modifica\u00e7\u00e3o ou a remo\u00e7\u00e3o dos seus dados pessoais armazenados. Al\u00e9m disso, tamb\u00e9m, pode informar sobre algum vazamento dos seus dados<\/p><p>Preencha corretamente o formul\u00e1rio:<\/p>\t\t\t\t\t\t<\/div>\n\t\t\t\t<\/div>\n\t\t\t\t\t<\/div>\n\t\t<\/div>\n\t\t\t\t\t\t\t<\/div>\n\t\t<\/section>\n\t\t\t\t<section class=\"elementor-section elementor-top-section elementor-element elementor-element-3986a0ec elementor-section-boxed elementor-section-height-default elementor-section-height-default\" data-id=\"3986a0ec\" data-element_type=\"section\" id=\"xs_cta_style_15\" data-settings=\"{&quot;background_background&quot;:&quot;classic&quot;}\">\n\t\t\t\t\t\t<div class=\"elementor-container elementor-column-gap-default\">\n\t\t\t\t\t<div class=\"elementor-column elementor-col-100 elementor-top-column elementor-element elementor-element-5900d87b\" data-id=\"5900d87b\" data-element_type=\"column\">\n\t\t\t<div class=\"elementor-widget-wrap elementor-element-populated\">\n\t\t\t\t\t\t\t\t<div class=\"elementor-element elementor-element-4bbf4274 elementor-button-align-stretch elementor-widget elementor-widget-form\" data-id=\"4bbf4274\" data-element_type=\"widget\" data-settings=\"{&quot;step_next_label&quot;:&quot;Next&quot;,&quot;step_previous_label&quot;:&quot;Previous&quot;,&quot;button_width&quot;:&quot;100&quot;,&quot;step_type&quot;:&quot;number_text&quot;,&quot;step_icon_shape&quot;:&quot;circle&quot;}\" data-widget_type=\"form.default\">\n\t\t\t\t<div class=\"elementor-widget-container\">\n\t\t\t\t\t<form class=\"elementor-form\" method=\"post\" name=\"New Form\">\n\t\t\t<input type=\"hidden\" name=\"post_id\" value=\"2731\"\/>\n\t\t\t<input type=\"hidden\" name=\"form_id\" value=\"4bbf4274\"\/>\n\t\t\t<input type=\"hidden\" name=\"referer_title\" value=\"\" \/>\n\n\t\t\t\n\t\t\t<div class=\"elementor-form-fields-wrapper elementor-labels-\">\n\t\t\t\t\t\t\t\t<div class=\"elementor-field-type-text elementor-field-group elementor-column elementor-field-group-message elementor-col-40 elementor-field-required\">\n\t\t\t\t\t\t\t\t\t\t\t\t<label for=\"form-field-message\" class=\"elementor-field-label elementor-screen-only\">\n\t\t\t\t\t\t\t\tNome completo\t\t\t\t\t\t\t<\/label>\n\t\t\t\t\t\t\t\t\t\t\t\t\t\t<input size=\"1\" type=\"text\" name=\"form_fields[message]\" id=\"form-field-message\" class=\"elementor-field elementor-size-sm  elementor-field-textual\" placeholder=\"Nome completo\" required=\"required\" aria-required=\"true\">\n\t\t\t\t\t\t\t\t\t\t\t<\/div>\n\t\t\t\t\t\t\t\t<div class=\"elementor-field-type-email elementor-field-group elementor-column elementor-field-group-field_1481077 elementor-col-30 elementor-field-required\">\n\t\t\t\t\t\t\t\t\t\t\t\t<label for=\"form-field-field_1481077\" class=\"elementor-field-label elementor-screen-only\">\n\t\t\t\t\t\t\t\tEmail\t\t\t\t\t\t\t<\/label>\n\t\t\t\t\t\t\t\t\t\t\t\t\t\t<input size=\"1\" type=\"email\" name=\"form_fields[field_1481077]\" id=\"form-field-field_1481077\" class=\"elementor-field elementor-size-sm  elementor-field-textual\" placeholder=\"Email\" required=\"required\" aria-required=\"true\">\n\t\t\t\t\t\t\t\t\t\t\t<\/div>\n\t\t\t\t\t\t\t\t<div class=\"elementor-field-type-date elementor-field-group elementor-column elementor-field-group-field_dc377cd elementor-col-30 elementor-field-required\">\n\t\t\t\t\t\t\t\t\t\t\t\t<label for=\"form-field-field_dc377cd\" class=\"elementor-field-label elementor-screen-only\">\n\t\t\t\t\t\t\t\tData de Nascimento\t\t\t\t\t\t\t<\/label>\n\t\t\t\t\t\t\n\t\t<input type=\"date\" name=\"form_fields[field_dc377cd]\" id=\"form-field-field_dc377cd\" class=\"elementor-field elementor-size-sm  elementor-field-textual elementor-date-field\" placeholder=\"Data de Nascimento\" required=\"required\" aria-required=\"true\" pattern=\"[0-9]{4}-[0-9]{2}-[0-9]{2}\">\n\t\t\t\t\t\t<\/div>\n\t\t\t\t\t\t\t\t<div class=\"elementor-field-type-tel elementor-field-group elementor-column elementor-field-group-field_39a1be4 elementor-col-25 elementor-field-required\">\n\t\t\t\t\t\t\t\t\t\t\t\t<label for=\"form-field-field_39a1be4\" class=\"elementor-field-label elementor-screen-only\">\n\t\t\t\t\t\t\t\tSeu telefone\t\t\t\t\t\t\t<\/label>\n\t\t\t\t\t\t\t\t<input size=\"1\" type=\"tel\" name=\"form_fields[field_39a1be4]\" id=\"form-field-field_39a1be4\" class=\"elementor-field elementor-size-sm  elementor-field-textual\" placeholder=\"Seu telefone\" required=\"required\" aria-required=\"true\" pattern=\"[0-9()#&amp;+*-=.]+\" title=\"Only numbers and phone characters (#, -, *, etc) are accepted.\">\n\n\t\t\t\t\t\t<\/div>\n\t\t\t\t\t\t\t\t<div class=\"elementor-field-type-text elementor-field-group elementor-column elementor-field-group-field_3e8dbbf elementor-col-50 elementor-field-required\">\n\t\t\t\t\t\t\t\t\t\t\t\t<label for=\"form-field-field_3e8dbbf\" class=\"elementor-field-label elementor-screen-only\">\n\t\t\t\t\t\t\t\tCidade de resid\u00eancia\t\t\t\t\t\t\t<\/label>\n\t\t\t\t\t\t\t\t\t\t\t\t\t\t<input size=\"1\" type=\"text\" name=\"form_fields[field_3e8dbbf]\" id=\"form-field-field_3e8dbbf\" class=\"elementor-field elementor-size-sm  elementor-field-textual\" placeholder=\"Cidade de resid\u00eancia\" required=\"required\" aria-required=\"true\">\n\t\t\t\t\t\t\t\t\t\t\t<\/div>\n\t\t\t\t\t\t\t\t<div class=\"elementor-field-type-select elementor-field-group elementor-column elementor-field-group-field_dbeb670 elementor-col-25 elementor-field-required\">\n\t\t\t\t\t\t\t\t\t\t\t\t<label for=\"form-field-field_dbeb670\" class=\"elementor-field-label elementor-screen-only\">\n\t\t\t\t\t\t\t\tUF\t\t\t\t\t\t\t<\/label>\n\t\t\t\t\t\t\t\t<div class=\"elementor-field elementor-select-wrapper remove-before \">\n\t\t\t<div class=\"select-caret-down-wrapper\">\n\t\t\t\t<i aria-hidden=\"true\" class=\"eicon-caret-down\"><\/i>\t\t\t<\/div>\n\t\t\t<select name=\"form_fields[field_dbeb670]\" id=\"form-field-field_dbeb670\" class=\"elementor-field-textual elementor-size-sm\" required=\"required\" aria-required=\"true\">\n\t\t\t\t\t\t\t\t\t<option value=\"Selecione o estado\">Selecione o estado<\/option>\n\t\t\t\t\t\t\t\t\t<option value=\"Acre\">Acre<\/option>\n\t\t\t\t\t\t\t\t\t<option value=\"Alagoas\">Alagoas<\/option>\n\t\t\t\t\t\t\t\t\t<option value=\"Amap\u00e1\">Amap\u00e1<\/option>\n\t\t\t\t\t\t\t\t\t<option value=\"Amazonas\">Amazonas<\/option>\n\t\t\t\t\t\t\t\t\t<option value=\"Bahia\">Bahia<\/option>\n\t\t\t\t\t\t\t\t\t<option value=\"Cear\u00e1\">Cear\u00e1<\/option>\n\t\t\t\t\t\t\t\t\t<option value=\"Esp\u00edrito Santo\">Esp\u00edrito Santo<\/option>\n\t\t\t\t\t\t\t\t\t<option value=\"Goi\u00e1s\">Goi\u00e1s<\/option>\n\t\t\t\t\t\t\t\t\t<option value=\"Maranh\u00e3o\">Maranh\u00e3o<\/option>\n\t\t\t\t\t\t\t\t\t<option value=\"Mato Grosso\">Mato Grosso<\/option>\n\t\t\t\t\t\t\t\t\t<option value=\"Mato Grosso do Sul\">Mato Grosso do Sul<\/option>\n\t\t\t\t\t\t\t\t\t<option value=\"Minas Gerais\">Minas Gerais<\/option>\n\t\t\t\t\t\t\t\t\t<option value=\"Par\u00e1\">Par\u00e1<\/option>\n\t\t\t\t\t\t\t\t\t<option value=\"Para\u00edba\">Para\u00edba<\/option>\n\t\t\t\t\t\t\t\t\t<option value=\"Paran\u00e1\">Paran\u00e1<\/option>\n\t\t\t\t\t\t\t\t\t<option value=\"Pernambuco\">Pernambuco<\/option>\n\t\t\t\t\t\t\t\t\t<option value=\"Piau\u00ed\">Piau\u00ed<\/option>\n\t\t\t\t\t\t\t\t\t<option value=\"Rio de Janeiro\">Rio de Janeiro<\/option>\n\t\t\t\t\t\t\t\t\t<option value=\"Rio Grande do Norte\">Rio Grande do Norte<\/option>\n\t\t\t\t\t\t\t\t\t<option value=\"Rio Grande do Sul\">Rio Grande do Sul<\/option>\n\t\t\t\t\t\t\t\t\t<option value=\"Rond\u00f4nia\">Rond\u00f4nia<\/option>\n\t\t\t\t\t\t\t\t\t<option value=\"Roraima\">Roraima<\/option>\n\t\t\t\t\t\t\t\t\t<option value=\"Santa Catarina\">Santa Catarina<\/option>\n\t\t\t\t\t\t\t\t\t<option value=\"S\u00e3o Paulo\">S\u00e3o Paulo<\/option>\n\t\t\t\t\t\t\t\t\t<option value=\"Sergipe\">Sergipe<\/option>\n\t\t\t\t\t\t\t\t\t<option value=\"Tocantins\">Tocantins<\/option>\n\t\t\t\t\t\t\t\t\t<option value=\"Distrito Federal\">Distrito Federal<\/option>\n\t\t\t\t\t\t\t<\/select>\n\t\t<\/div>\n\t\t\t\t\t\t<\/div>\n\t\t\t\t\t\t\t\t<div class=\"elementor-field-type-select elementor-field-group elementor-column elementor-field-group-field_3ec7604 elementor-col-100 elementor-field-required\">\n\t\t\t\t\t\t\t\t\t\t\t\t<label for=\"form-field-field_3ec7604\" class=\"elementor-field-label elementor-screen-only\">\n\t\t\t\t\t\t\t\tAssunto\t\t\t\t\t\t\t<\/label>\n\t\t\t\t\t\t\t\t<div class=\"elementor-field elementor-select-wrapper remove-before \">\n\t\t\t<div class=\"select-caret-down-wrapper\">\n\t\t\t\t<i aria-hidden=\"true\" class=\"eicon-caret-down\"><\/i>\t\t\t<\/div>\n\t\t\t<select name=\"form_fields[field_3ec7604]\" id=\"form-field-field_3ec7604\" class=\"elementor-field-textual elementor-size-sm\" required=\"required\" aria-required=\"true\">\n\t\t\t\t\t\t\t\t\t<option value=\"Selecione o assunto\">Selecione o assunto<\/option>\n\t\t\t\t\t\t\t\t\t<option value=\"Confirma\u00e7\u00e3o da exist\u00eancia de tratamento\">Confirma\u00e7\u00e3o da exist\u00eancia de tratamento<\/option>\n\t\t\t\t\t\t\t\t\t<option value=\"Acesso aos dados\">Acesso aos dados<\/option>\n\t\t\t\t\t\t\t\t\t<option value=\"Corre\u00e7\u00e3o de dados\">Corre\u00e7\u00e3o de dados<\/option>\n\t\t\t\t\t\t\t\t\t<option value=\"Anonimiza\u00e7\u00e3o, bloqueio ou elimina\u00e7\u00e3o de dados\">Anonimiza\u00e7\u00e3o, bloqueio ou elimina\u00e7\u00e3o de dados<\/option>\n\t\t\t\t\t\t\t\t\t<option value=\"Portabilidade dos dados&quot;&gt;Portabilidade dos dados\">Portabilidade dos dados&quot;&gt;Portabilidade dos dados<\/option>\n\t\t\t\t\t\t\t\t\t<option value=\"Elimina\u00e7\u00e3o dos dados pessoais tratados\">Elimina\u00e7\u00e3o dos dados pessoais tratados<\/option>\n\t\t\t\t\t\t\t\t\t<option value=\"Informa\u00e7\u00e3o sobre o uso compartilhado de dados\">Informa\u00e7\u00e3o sobre o uso compartilhado de dados<\/option>\n\t\t\t\t\t\t\t\t\t<option value=\"Possibilidade de n\u00e3o fornecer consentimento\">Possibilidade de n\u00e3o fornecer consentimento<\/option>\n\t\t\t\t\t\t\t\t\t<option value=\"Revoga\u00e7\u00e3o do consentimento\">Revoga\u00e7\u00e3o do consentimento<\/option>\n\t\t\t\t\t\t\t\t\t<option value=\"Vazamento de dados\">Vazamento de dados<\/option>\n\t\t\t\t\t\t\t<\/select>\n\t\t<\/div>\n\t\t\t\t\t\t<\/div>\n\t\t\t\t\t\t\t\t<div class=\"elementor-field-type-textarea elementor-field-group elementor-column elementor-field-group-field_3ab8a6d elementor-col-100 elementor-field-required\">\n\t\t\t\t\t\t\t\t\t\t\t\t<label for=\"form-field-field_3ab8a6d\" class=\"elementor-field-label elementor-screen-only\">\n\t\t\t\t\t\t\t\tDescreva sua solicita\u00e7\u00e3o abaixo:\t\t\t\t\t\t\t<\/label>\n\t\t\t\t\t\t<textarea class=\"elementor-field-textual elementor-field  elementor-size-sm\" name=\"form_fields[field_3ab8a6d]\" id=\"form-field-field_3ab8a6d\" rows=\"4\" placeholder=\"Descreva sua solicita\u00e7\u00e3o abaixo:\" required=\"required\" aria-required=\"true\"><\/textarea>\t\t\t\t<\/div>\n\t\t\t\t\t\t\t\t<div class=\"elementor-field-type-html elementor-field-group elementor-column elementor-field-group-field_d5e6a1a elementor-col-100\">\n\t\t\t\t\t- Caso autorize, marque o campo. Se n\u00e3o, deixe em branco.\t\t\t\t<\/div>\n\t\t\t\t\t\t\t\t<div class=\"elementor-field-type-radio elementor-field-group elementor-column elementor-field-group-field_2f3f715 elementor-col-100\">\n\t\t\t\t\t\t\t\t\t\t\t\t<label for=\"form-field-field_2f3f715\" class=\"elementor-field-label elementor-screen-only\">\n\t\t\t\t\t\t\t\tAutorizo que a Fazzy Internet Eireli colete os dados preenchidos neste formul\u00e1rio para contatar-me a respeito dos questionamentos acima formulados.\t\t\t\t\t\t\t<\/label>\n\t\t\t\t\t\t<div class=\"elementor-field-subgroup  \"><span class=\"elementor-field-option\"><input type=\"radio\" value=\"Autorizo que a Fazzy Internet Eireli colete os dados preenchidos neste formul\u00e1rio para contatar-me a respeito dos questionamentos acima formulados.\" id=\"form-field-field_2f3f715-0\" name=\"form_fields[field_2f3f715]\"> <label for=\"form-field-field_2f3f715-0\">Autorizo que a Fazzy Internet Eireli colete os dados preenchidos neste formul\u00e1rio para contatar-me a respeito dos questionamentos acima formulados.<\/label><\/span><\/div>\t\t\t\t<\/div>\n\t\t\t\t\t\t\t\t<div class=\"elementor-field-type-html elementor-field-group elementor-column elementor-field-group-field_a889b78 elementor-col-100\">\n\t\t\t\t\t- Caso autorize, marque o campo. Se n\u00e3o, deixe em branco.\t\t\t\t<\/div>\n\t\t\t\t\t\t\t\t<div class=\"elementor-field-type-radio elementor-field-group elementor-column elementor-field-group-field_85926b3 elementor-col-100\">\n\t\t\t\t\t\t\t\t\t\t\t\t<label for=\"form-field-field_85926b3\" class=\"elementor-field-label elementor-screen-only\">\n\t\t\t\t\t\t\t\tAutorizo que a Fazzy Internet Eireli colete os dados preenchidos neste formul\u00e1rio para contatar-me a respeito dos questionamentos acima formulados.\t\t\t\t\t\t\t<\/label>\n\t\t\t\t\t\t<div class=\"elementor-field-subgroup  \"><span class=\"elementor-field-option\"><input type=\"radio\" value=\"Concordo com a&lt;a href=&quot;https:\/\/cembrasites.com.br\/fazzy\/politica-de-privacidade\/&quot; taget=&quot;_blank&quot;&gt; Pol\u00edtica de Privacidade da Fazzy Internet.&lt;\/a&gt;\" id=\"form-field-field_85926b3-0\" name=\"form_fields[field_85926b3]\"> <label for=\"form-field-field_85926b3-0\">Concordo com a<a href=\"https:\/\/cembrasites.com.br\/fazzy\/politica-de-privacidade\/\" taget=\"_blank\"> Pol\u00edtica de Privacidade da Fazzy Internet.<\/a><\/label><\/span><\/div>\t\t\t\t<\/div>\n\t\t\t\t\t\t\t\t<div class=\"elementor-field-type-html elementor-field-group elementor-column elementor-field-group-field_a4681ee elementor-col-100\">\n\t\t\t\t\t- Caso autorize, marque o campo. Se n\u00e3o, deixe em branco.\t\t\t\t<\/div>\n\t\t\t\t\t\t\t\t<div class=\"elementor-field-type-radio elementor-field-group elementor-column elementor-field-group-field_9c68323 elementor-col-100\">\n\t\t\t\t\t\t\t\t\t\t\t\t<label for=\"form-field-field_9c68323\" class=\"elementor-field-label elementor-screen-only\">\n\t\t\t\t\t\t\t\tAutorizo que a Fazzy Internet Eireli colete os dados preenchidos neste formul\u00e1rio para contatar-me a respeito dos questionamentos acima formulados.\t\t\t\t\t\t\t<\/label>\n\t\t\t\t\t\t<div class=\"elementor-field-subgroup  \"><span class=\"elementor-field-option\"><input type=\"radio\" value=\"Concordo com os&lt;a href=&quot;https:\/\/cembrasites.com.br\/fazzy\/termos-de-uso-de-cookies-sites-e-aplicativos\/&quot; taget=&quot;_blank&quot;&gt; Termos de Uso de Cookies, Sites e Aplicativos&lt;\/a&gt;\" id=\"form-field-field_9c68323-0\" name=\"form_fields[field_9c68323]\"> <label for=\"form-field-field_9c68323-0\">Concordo com os<a href=\"https:\/\/cembrasites.com.br\/fazzy\/termos-de-uso-de-cookies-sites-e-aplicativos\/\" taget=\"_blank\"> Termos de Uso de Cookies, Sites e Aplicativos<\/a><\/label><\/span><\/div>\t\t\t\t<\/div>\n\t\t\t\t\t\t\t\t<div class=\"elementor-field-group elementor-column elementor-field-type-submit elementor-col-100 e-form__buttons\">\n\t\t\t\t\t<button type=\"submit\" class=\"elementor-button elementor-size-sm\">\n\t\t\t\t\t\t<span >\n\t\t\t\t\t\t\t\t\t\t\t\t\t\t\t<span class=\" elementor-button-icon\">\n\t\t\t\t\t\t\t\t\t\t\t\t\t\t\t\t\t\t\t\t\t\t\t\t\t\t<\/span>\n\t\t\t\t\t\t\t\t\t\t\t\t\t\t\t\t\t\t\t\t\t\t<span class=\"elementor-button-text\">Enviar<\/span>\n\t\t\t\t\t\t\t\t\t\t\t\t\t<\/span>\n\t\t\t\t\t<\/button>\n\t\t\t\t<\/div>\n\t\t\t<\/div>\n\t\t<\/form>\n\t\t\t\t<\/div>\n\t\t\t\t<\/div>\n\t\t\t\t\t<\/div>\n\t\t<\/div>\n\t\t\t\t\t\t\t<\/div>\n\t\t<\/section>\n\t\t\t\t<section class=\"elementor-section elementor-top-section elementor-element elementor-element-594189f elementor-section-boxed elementor-section-height-default elementor-section-height-default\" data-id=\"594189f\" data-element_type=\"section\">\n\t\t\t\t\t\t<div class=\"elementor-container elementor-column-gap-default\">\n\t\t\t\t\t<div class=\"elementor-column elementor-col-100 elementor-top-column elementor-element elementor-element-77aaa88\" data-id=\"77aaa88\" data-element_type=\"column\">\n\t\t\t<div class=\"elementor-widget-wrap elementor-element-populated\">\n\t\t\t\t\t\t\t\t<div class=\"elementor-element elementor-element-5f9af43 elementor-widget elementor-widget-spacer\" data-id=\"5f9af43\" data-element_type=\"widget\" data-widget_type=\"spacer.default\">\n\t\t\t\t<div class=\"elementor-widget-container\">\n\t\t\t\t\t<div class=\"elementor-spacer\">\n\t\t\t<div class=\"elementor-spacer-inner\"><\/div>\n\t\t<\/div>\n\t\t\t\t<\/div>\n\t\t\t\t<\/div>\n\t\t\t\t\t<\/div>\n\t\t<\/div>\n\t\t\t\t\t\t\t<\/div>\n\t\t<\/section>\n\t\t\t\t\t\t\t<\/div>\n\t\t","protected":false},"excerpt":{"rendered":"<p>Direitos do Titular Quais dados s\u00e3o coletados? A Fazzy Internet valoriza a transpar\u00eancia e disponibiliza este canal para que voc\u00ea possa conhecer seus direitos e solicitar informa\u00e7\u00f5es sobre o tratamento dos seus dados pessoais.O titular dos dados pessoais tratados pela Fazzy Internet poder\u00e1 solicitar: \u00a0 O acesso aos dados; A corre\u00e7\u00e3o de dados incompletos, inexatos [&hellip;]<\/p>\n","protected":false},"author":1,"featured_media":0,"parent":0,"menu_order":0,"comment_status":"closed","ping_status":"closed","template":"","meta":{"footnotes":"","_joinchat":[]},"_links":{"self":[{"href":"https:\/\/cembrasites.com.br\/fazzy\/wp-json\/wp\/v2\/pages\/2731"}],"collection":[{"href":"https:\/\/cembrasites.com.br\/fazzy\/wp-json\/wp\/v2\/pages"}],"about":[{"href":"https:\/\/cembrasites.com.br\/fazzy\/wp-json\/wp\/v2\/types\/page"}],"author":[{"embeddable":true,"href":"https:\/\/cembrasites.com.br\/fazzy\/wp-json\/wp\/v2\/users\/1"}],"replies":[{"embeddable":true,"href":"https:\/\/cembrasites.com.br\/fazzy\/wp-json\/wp\/v2\/comments?post=2731"}],"version-history":[{"count":59,"href":"https:\/\/cembrasites.com.br\/fazzy\/wp-json\/wp\/v2\/pages\/2731\/revisions"}],"predecessor-version":[{"id":2793,"href":"https:\/\/cembrasites.com.br\/fazzy\/wp-json\/wp\/v2\/pages\/2731\/revisions\/2793"}],"wp:attachment":[{"href":"https:\/\/cembrasites.com.br\/fazzy\/wp-json\/wp\/v2\/media?parent=2731"}],"curies":[{"name":"wp","href":"https:\/\/api.w.org\/{rel}","templated":true}]}}