{"id":2637,"date":"2022-12-16T10:57:45","date_gmt":"2022-12-16T10:57:45","guid":{"rendered":"https:\/\/cembrasites.com.br\/fazzy\/?page_id=2637"},"modified":"2022-12-16T13:56:20","modified_gmt":"2022-12-16T13:56:20","slug":"lgpd","status":"publish","type":"page","link":"https:\/\/cembrasites.com.br\/fazzy\/lgpd\/","title":{"rendered":"LGPD"},"content":{"rendered":"\t\t<div data-elementor-type=\"wp-page\" data-elementor-id=\"2637\" class=\"elementor elementor-2637\">\n\t\t\t\t\t\t\t\t\t<section class=\"elementor-section elementor-top-section elementor-element elementor-element-2e0183f elementor-section-full_width elementor-section-stretched elementor-section-height-default elementor-section-height-default\" data-id=\"2e0183f\" data-element_type=\"section\" data-settings=\"{&quot;background_background&quot;:&quot;classic&quot;,&quot;stretch_section&quot;:&quot;section-stretched&quot;}\">\n\t\t\t\t\t\t\t<div class=\"elementor-background-overlay\"><\/div>\n\t\t\t\t\t\t\t<div class=\"elementor-container elementor-column-gap-default\">\n\t\t\t\t\t<div class=\"elementor-column elementor-col-100 elementor-top-column elementor-element elementor-element-3194a48\" data-id=\"3194a48\" data-element_type=\"column\">\n\t\t\t<div class=\"elementor-widget-wrap elementor-element-populated\">\n\t\t\t\t\t\t\t\t<div class=\"elementor-element elementor-element-d8c6dff elementor-invisible elementor-widget elementor-widget-heading\" data-id=\"d8c6dff\" data-element_type=\"widget\" data-settings=\"{&quot;_animation&quot;:&quot;fadeInUp&quot;,&quot;_animation_delay&quot;:500}\" data-widget_type=\"heading.default\">\n\t\t\t\t<div class=\"elementor-widget-container\">\n\t\t\t<h2 class=\"elementor-heading-title elementor-size-default\">LGPD<\/h2>\t\t<\/div>\n\t\t\t\t<\/div>\n\t\t\t\t\t<\/div>\n\t\t<\/div>\n\t\t\t\t\t\t\t<\/div>\n\t\t<\/section>\n\t\t\t\t<section class=\"elementor-section elementor-top-section elementor-element elementor-element-4b60301 elementor-section-stretched elementor-section-boxed elementor-section-height-default elementor-section-height-default\" data-id=\"4b60301\" data-element_type=\"section\" data-settings=\"{&quot;stretch_section&quot;:&quot;section-stretched&quot;,&quot;background_background&quot;:&quot;classic&quot;}\">\n\t\t\t\t\t\t\t<div class=\"elementor-background-overlay\"><\/div>\n\t\t\t\t\t\t\t<div class=\"elementor-container elementor-column-gap-default\">\n\t\t\t\t\t<div class=\"elementor-column elementor-col-100 elementor-top-column elementor-element elementor-element-c9f1804\" data-id=\"c9f1804\" data-element_type=\"column\">\n\t\t\t<div class=\"elementor-widget-wrap elementor-element-populated\">\n\t\t\t\t\t\t\t\t<div class=\"elementor-element elementor-element-90f231a elementor-aspect-ratio-169 elementor-widget elementor-widget-video\" data-id=\"90f231a\" data-element_type=\"widget\" data-settings=\"{&quot;video_type&quot;:&quot;hosted&quot;,&quot;controls&quot;:&quot;yes&quot;,&quot;aspect_ratio&quot;:&quot;169&quot;}\" data-widget_type=\"video.default\">\n\t\t\t\t<div class=\"elementor-widget-container\">\n\t\t\t\t\t<div class=\"e-hosted-video elementor-wrapper elementor-fit-aspect-ratio elementor-open-inline\">\n\t\t\t\t\t<video class=\"elementor-video\" src=\"https:\/\/cembrasites.com.br\/fazzy\/wp-content\/uploads\/2022\/12\/LGPD.mp4\" controls=\"\" controlsList=\"nodownload\"><\/video>\n\t\t\t\t<\/div>\n\t\t\t\t<\/div>\n\t\t\t\t<\/div>\n\t\t\t\t\t<\/div>\n\t\t<\/div>\n\t\t\t\t\t\t\t<\/div>\n\t\t<\/section>\n\t\t\t\t<section class=\"elementor-section elementor-top-section elementor-element elementor-element-3b09dc4 elementor-section-boxed elementor-section-height-default elementor-section-height-default\" data-id=\"3b09dc4\" data-element_type=\"section\">\n\t\t\t\t\t\t<div class=\"elementor-container elementor-column-gap-default\">\n\t\t\t\t\t<div class=\"elementor-column elementor-col-100 elementor-top-column elementor-element elementor-element-7f902a0\" data-id=\"7f902a0\" data-element_type=\"column\">\n\t\t\t<div class=\"elementor-widget-wrap elementor-element-populated\">\n\t\t\t\t\t\t\t\t<div class=\"elementor-element elementor-element-8cdc38a elementor-invisible elementor-widget elementor-widget-heading\" data-id=\"8cdc38a\" data-element_type=\"widget\" data-settings=\"{&quot;_animation&quot;:&quot;fadeInUp&quot;,&quot;_animation_delay&quot;:500}\" data-widget_type=\"heading.default\">\n\t\t\t\t<div class=\"elementor-widget-container\">\n\t\t\t<h2 class=\"elementor-heading-title elementor-size-default\">LGPD<\/h2>\t\t<\/div>\n\t\t\t\t<\/div>\n\t\t\t\t<div class=\"elementor-element elementor-element-79bf0d3 elementor-widget elementor-widget-accordion\" data-id=\"79bf0d3\" data-element_type=\"widget\" data-widget_type=\"accordion.default\">\n\t\t\t\t<div class=\"elementor-widget-container\">\n\t\t\t\t\t<div class=\"elementor-accordion\" role=\"tablist\">\n\t\t\t\t\t\t\t<div class=\"elementor-accordion-item\">\n\t\t\t\t\t<div id=\"elementor-tab-title-1271\" class=\"elementor-tab-title\" data-tab=\"1\" role=\"tab\" aria-controls=\"elementor-tab-content-1271\" aria-expanded=\"false\">\n\t\t\t\t\t\t\t\t\t\t\t\t\t<span class=\"elementor-accordion-icon elementor-accordion-icon-left\" aria-hidden=\"true\">\n\t\t\t\t\t\t\t\t\t\t\t\t\t\t\t<span class=\"elementor-accordion-icon-closed\"><i class=\"fas fa-caret-down\"><\/i><\/span>\n\t\t\t\t\t\t\t\t<span class=\"elementor-accordion-icon-opened\"><i class=\"fas fa-minus\"><\/i><\/span>\n\t\t\t\t\t\t\t\t\t\t\t\t\t\t<\/span>\n\t\t\t\t\t\t\t\t\t\t\t\t<a class=\"elementor-accordion-title\" href=\"\">O que \u00e9 a LGPD?<\/a>\n\t\t\t\t\t<\/div>\n\t\t\t\t\t<div id=\"elementor-tab-content-1271\" class=\"elementor-tab-content elementor-clearfix\" data-tab=\"1\" role=\"tabpanel\" aria-labelledby=\"elementor-tab-title-1271\"><p>A\u00a0<a href=\"http:\/\/www.planalto.gov.br\/ccivil_03\/_ato2015-2018\/2018\/lei\/l13709.htm\" target=\"_blank\" rel=\"noopener\">Lei n. 13.709\/2018<\/a>, conhecida como Lei Geral de Prote\u00e7\u00e3o de Dados ou LGPD, disp\u00f5e sobre o tratamento de dados pessoais no Brasil.<\/p><\/div>\n\t\t\t\t<\/div>\n\t\t\t\t\t\t\t<div class=\"elementor-accordion-item\">\n\t\t\t\t\t<div id=\"elementor-tab-title-1272\" class=\"elementor-tab-title\" data-tab=\"2\" role=\"tab\" aria-controls=\"elementor-tab-content-1272\" aria-expanded=\"false\">\n\t\t\t\t\t\t\t\t\t\t\t\t\t<span class=\"elementor-accordion-icon elementor-accordion-icon-left\" aria-hidden=\"true\">\n\t\t\t\t\t\t\t\t\t\t\t\t\t\t\t<span class=\"elementor-accordion-icon-closed\"><i class=\"fas fa-caret-down\"><\/i><\/span>\n\t\t\t\t\t\t\t\t<span class=\"elementor-accordion-icon-opened\"><i class=\"fas fa-minus\"><\/i><\/span>\n\t\t\t\t\t\t\t\t\t\t\t\t\t\t<\/span>\n\t\t\t\t\t\t\t\t\t\t\t\t<a class=\"elementor-accordion-title\" href=\"\">O que s\u00e3o dados pessoais?<\/a>\n\t\t\t\t\t<\/div>\n\t\t\t\t\t<div id=\"elementor-tab-content-1272\" class=\"elementor-tab-content elementor-clearfix\" data-tab=\"2\" role=\"tabpanel\" aria-labelledby=\"elementor-tab-title-1272\"><p>Os dados pessoais s\u00e3o todas as informa\u00e7\u00f5es relacionadas \u00e0 pessoa f\u00edsica identificada ou identific\u00e1vel, ou seja, seu nome completo, CPF, CNH, RG, endere\u00e7o residencial, endere\u00e7o eletr\u00f4nico, data de nascimento, imagem, geolocaliza\u00e7\u00e3o, IP (Internet Protocol), dentre tantas outras.<\/p><p>J\u00e1 os dados pessoais sens\u00edveis s\u00e3o dados sobre origem racial ou \u00e9tnica, convic\u00e7\u00e3o religiosa, opini\u00e3o pol\u00edtica, filia\u00e7\u00e3o a sindicato ou a organiza\u00e7\u00e3o de car\u00e1ter religioso, filos\u00f3fico ou pol\u00edtico, dado referente \u00e0 sa\u00fade ou \u00e0 vida sexual, e dado gen\u00e9tico ou biom\u00e9trico.<\/p><p>H\u00e1 ainda o dado pessoal de crian\u00e7a e adolescente, que s\u00e3o dados pessoais que se referem \u00e0s crian\u00e7as e adolescentes. A lei conferiu uma prote\u00e7\u00e3o maior para esses dados, os quais somente podem ser tratados se respeitado o melhor interesse da crian\u00e7a e do adolescente.<\/p><\/div>\n\t\t\t\t<\/div>\n\t\t\t\t\t\t\t<div class=\"elementor-accordion-item\">\n\t\t\t\t\t<div id=\"elementor-tab-title-1273\" class=\"elementor-tab-title\" data-tab=\"3\" role=\"tab\" aria-controls=\"elementor-tab-content-1273\" aria-expanded=\"false\">\n\t\t\t\t\t\t\t\t\t\t\t\t\t<span class=\"elementor-accordion-icon elementor-accordion-icon-left\" aria-hidden=\"true\">\n\t\t\t\t\t\t\t\t\t\t\t\t\t\t\t<span class=\"elementor-accordion-icon-closed\"><i class=\"fas fa-caret-down\"><\/i><\/span>\n\t\t\t\t\t\t\t\t<span class=\"elementor-accordion-icon-opened\"><i class=\"fas fa-minus\"><\/i><\/span>\n\t\t\t\t\t\t\t\t\t\t\t\t\t\t<\/span>\n\t\t\t\t\t\t\t\t\t\t\t\t<a class=\"elementor-accordion-title\" href=\"\">Quem s\u00e3o os titulares?<\/a>\n\t\t\t\t\t<\/div>\n\t\t\t\t\t<div id=\"elementor-tab-content-1273\" class=\"elementor-tab-content elementor-clearfix\" data-tab=\"3\" role=\"tabpanel\" aria-labelledby=\"elementor-tab-title-1273\"><p>O titular de um dado pessoal \u00e9 o dono da informa\u00e7\u00e3o. No caso da Fazzy internet, o titular pode ser o cliente ou o prospect pessoa f\u00edsica, o fornecedor ou prestador de servi\u00e7o pessoa f\u00edsica, o candidato a vaga de emprego, o colaborador (pode ser tamb\u00e9m o c\u00f4njuge\/companheiro ou dependente), o visitante da Fazzy internet, o locador pessoa f\u00edsica ou outra pessoa natural que venha a manter alguma rela\u00e7\u00e3o com a Fazzy internet.<\/p><\/div>\n\t\t\t\t<\/div>\n\t\t\t\t\t\t\t<div class=\"elementor-accordion-item\">\n\t\t\t\t\t<div id=\"elementor-tab-title-1274\" class=\"elementor-tab-title\" data-tab=\"4\" role=\"tab\" aria-controls=\"elementor-tab-content-1274\" aria-expanded=\"false\">\n\t\t\t\t\t\t\t\t\t\t\t\t\t<span class=\"elementor-accordion-icon elementor-accordion-icon-left\" aria-hidden=\"true\">\n\t\t\t\t\t\t\t\t\t\t\t\t\t\t\t<span class=\"elementor-accordion-icon-closed\"><i class=\"fas fa-caret-down\"><\/i><\/span>\n\t\t\t\t\t\t\t\t<span class=\"elementor-accordion-icon-opened\"><i class=\"fas fa-minus\"><\/i><\/span>\n\t\t\t\t\t\t\t\t\t\t\t\t\t\t<\/span>\n\t\t\t\t\t\t\t\t\t\t\t\t<a class=\"elementor-accordion-title\" href=\"\">O que \u00e9 tratamento de dados?<\/a>\n\t\t\t\t\t<\/div>\n\t\t\t\t\t<div id=\"elementor-tab-content-1274\" class=\"elementor-tab-content elementor-clearfix\" data-tab=\"4\" role=\"tabpanel\" aria-labelledby=\"elementor-tab-title-1274\"><p>Tratar um dado \u00e9 toda opera\u00e7\u00e3o realizada com os dados pessoais, podendo envolver coleta, armazenamento, acesso, elimina\u00e7\u00e3o, compartilhamento, dentre outras atividades.<\/p><\/div>\n\t\t\t\t<\/div>\n\t\t\t\t\t\t\t\t<\/div>\n\t\t\t\t<\/div>\n\t\t\t\t<\/div>\n\t\t\t\t\t<\/div>\n\t\t<\/div>\n\t\t\t\t\t\t\t<\/div>\n\t\t<\/section>\n\t\t\t\t<section class=\"elementor-section elementor-top-section elementor-element elementor-element-b729b0d elementor-section-boxed elementor-section-height-default elementor-section-height-default\" data-id=\"b729b0d\" data-element_type=\"section\">\n\t\t\t\t\t\t<div class=\"elementor-container elementor-column-gap-default\">\n\t\t\t\t\t<div class=\"elementor-column elementor-col-100 elementor-top-column elementor-element elementor-element-47d47ea\" data-id=\"47d47ea\" data-element_type=\"column\">\n\t\t\t<div class=\"elementor-widget-wrap elementor-element-populated\">\n\t\t\t\t\t\t\t\t<div class=\"elementor-element elementor-element-93e754c elementor-invisible elementor-widget elementor-widget-heading\" data-id=\"93e754c\" data-element_type=\"widget\" data-settings=\"{&quot;_animation&quot;:&quot;fadeInUp&quot;,&quot;_animation_delay&quot;:500}\" data-widget_type=\"heading.default\">\n\t\t\t\t<div class=\"elementor-widget-container\">\n\t\t\t<h2 class=\"elementor-heading-title elementor-size-default\">Seguran\u00e7a e boas pr\u00e1ticas<\/h2>\t\t<\/div>\n\t\t\t\t<\/div>\n\t\t\t\t<div class=\"elementor-element elementor-element-043a29a elementor-widget elementor-widget-accordion\" data-id=\"043a29a\" data-element_type=\"widget\" data-widget_type=\"accordion.default\">\n\t\t\t\t<div class=\"elementor-widget-container\">\n\t\t\t\t\t<div class=\"elementor-accordion\" role=\"tablist\">\n\t\t\t\t\t\t\t<div class=\"elementor-accordion-item\">\n\t\t\t\t\t<div id=\"elementor-tab-title-4431\" class=\"elementor-tab-title\" data-tab=\"1\" role=\"tab\" aria-controls=\"elementor-tab-content-4431\" aria-expanded=\"false\">\n\t\t\t\t\t\t\t\t\t\t\t\t\t<span class=\"elementor-accordion-icon elementor-accordion-icon-left\" aria-hidden=\"true\">\n\t\t\t\t\t\t\t\t\t\t\t\t\t\t\t<span class=\"elementor-accordion-icon-closed\"><i class=\"fas fa-caret-down\"><\/i><\/span>\n\t\t\t\t\t\t\t\t<span class=\"elementor-accordion-icon-opened\"><i class=\"fas fa-minus\"><\/i><\/span>\n\t\t\t\t\t\t\t\t\t\t\t\t\t\t<\/span>\n\t\t\t\t\t\t\t\t\t\t\t\t<a class=\"elementor-accordion-title\" href=\"\">Como suas informa\u00e7\u00f5es s\u00e3o protegidas?<\/a>\n\t\t\t\t\t<\/div>\n\t\t\t\t\t<div id=\"elementor-tab-content-4431\" class=\"elementor-tab-content elementor-clearfix\" data-tab=\"1\" role=\"tabpanel\" aria-labelledby=\"elementor-tab-title-4431\"><p>A estrutura f\u00edsica e l\u00f3gica da Fazzy internet visa, sobretudo, a confidencialidade, a integridade e a disponibilidade dos dados pessoais por si tratados, com a implementa\u00e7\u00e3o de medidas de seguran\u00e7a t\u00e9cnicas e administrativas para proteger os dados pessoais contra a destrui\u00e7\u00e3o acidental ou il\u00edcita, a perda acidental, a altera\u00e7\u00e3o, a difus\u00e3o ou o acesso n\u00e3o autorizado, bem como qualquer outra forma de tratamento inadequado ou il\u00edcito dos mesmos.<br \/><br \/>A seguir, est\u00e3o listados alguns cuidados que os titulares podem adotar ao manipular seus dispositivos eletr\u00f4nicos para proteger seus dados pessoais.<\/p><\/div>\n\t\t\t\t<\/div>\n\t\t\t\t\t\t\t<div class=\"elementor-accordion-item\">\n\t\t\t\t\t<div id=\"elementor-tab-title-4432\" class=\"elementor-tab-title\" data-tab=\"2\" role=\"tab\" aria-controls=\"elementor-tab-content-4432\" aria-expanded=\"false\">\n\t\t\t\t\t\t\t\t\t\t\t\t\t<span class=\"elementor-accordion-icon elementor-accordion-icon-left\" aria-hidden=\"true\">\n\t\t\t\t\t\t\t\t\t\t\t\t\t\t\t<span class=\"elementor-accordion-icon-closed\"><i class=\"fas fa-caret-down\"><\/i><\/span>\n\t\t\t\t\t\t\t\t<span class=\"elementor-accordion-icon-opened\"><i class=\"fas fa-minus\"><\/i><\/span>\n\t\t\t\t\t\t\t\t\t\t\t\t\t\t<\/span>\n\t\t\t\t\t\t\t\t\t\t\t\t<a class=\"elementor-accordion-title\" href=\"\">Uso de senhas<\/a>\n\t\t\t\t\t<\/div>\n\t\t\t\t\t<div id=\"elementor-tab-content-4432\" class=\"elementor-tab-content elementor-clearfix\" data-tab=\"2\" role=\"tabpanel\" aria-labelledby=\"elementor-tab-title-4432\"><p>\u00c9 por meio das contas e senhas que os sites e sistemas que o usu\u00e1rio utiliza conseguem identific\u00e1-lo e definir as a\u00e7\u00f5es que podem ser realizadas.<br \/><br \/>Abaixo, est\u00e3o listadas algumas orienta\u00e7\u00f5es:<br \/><b>\u25cf\u00a0<\/b>Certifique-se de n\u00e3o estar sendo observado ao digitar suas senhas;<br \/><b>\u25cf\u00a0<\/b>N\u00e3o forne\u00e7a suas senhas para outra pessoa, em hip\u00f3tese alguma;<br \/><b>\u25cf\u00a0<\/b>Certifique-se de fechar sua sess\u00e3o (logout) ao acessar sistemas ou sites que requeiram o uso de senhas;<br \/><b>\u25cf\u00a0<\/b>Crie senhas fortes, contendo no m\u00ednimo 8 caracteres e utilizando letras, n\u00fameros e caracteres especiais;<br \/><b>\u25cf\u00a0<\/b>Altere as suas senhas periodicamente;<br \/><b>\u25cf\u00a0<\/b>N\u00e3o use a mesma senha para todos os sistemas;<br \/><b>\u25cf\u00a0<\/b>Seja cuidadoso ao usar sua senha em computadores potencialmente infectados ou comprometidos;<br \/><b>\u25cf\u00a0<\/b>N\u00e3o associe senhas com datas de nascimento, casamento, nascimento de filhos, n\u00fameros de telefone etc;<br \/><b>\u25cf\u00a0<\/b>Nunca anote sua senha em bilhetes, cadernos, agendas etc.<\/p><\/div>\n\t\t\t\t<\/div>\n\t\t\t\t\t\t\t<div class=\"elementor-accordion-item\">\n\t\t\t\t\t<div id=\"elementor-tab-title-4433\" class=\"elementor-tab-title\" data-tab=\"3\" role=\"tab\" aria-controls=\"elementor-tab-content-4433\" aria-expanded=\"false\">\n\t\t\t\t\t\t\t\t\t\t\t\t\t<span class=\"elementor-accordion-icon elementor-accordion-icon-left\" aria-hidden=\"true\">\n\t\t\t\t\t\t\t\t\t\t\t\t\t\t\t<span class=\"elementor-accordion-icon-closed\"><i class=\"fas fa-caret-down\"><\/i><\/span>\n\t\t\t\t\t\t\t\t<span class=\"elementor-accordion-icon-opened\"><i class=\"fas fa-minus\"><\/i><\/span>\n\t\t\t\t\t\t\t\t\t\t\t\t\t\t<\/span>\n\t\t\t\t\t\t\t\t\t\t\t\t<a class=\"elementor-accordion-title\" href=\"\">Seguran\u00e7a dos dispositivos<\/a>\n\t\t\t\t\t<\/div>\n\t\t\t\t\t<div id=\"elementor-tab-content-4433\" class=\"elementor-tab-content elementor-clearfix\" data-tab=\"3\" role=\"tabpanel\" aria-labelledby=\"elementor-tab-title-4433\"><p>Os seus dispositivos (computador, notebook, tablet, smartphone etc) tamb\u00e9m devem ser protegidos:<br \/><b>\u25cf\u00a0<\/b>Sempre realize o bloqueio da tela ao terminar de operar o dispositivo;<br \/><b>\u25cf\u00a0<\/b>Desconfie de e-mails ou links n\u00e3o conhecidos;<br \/><b>\u25cf\u00a0<\/b>Nunca desative ferramentas de seguran\u00e7a como antiv\u00edrus e firewall.<\/p><\/div>\n\t\t\t\t<\/div>\n\t\t\t\t\t\t\t\t<\/div>\n\t\t\t\t<\/div>\n\t\t\t\t<\/div>\n\t\t\t\t\t<\/div>\n\t\t<\/div>\n\t\t\t\t\t\t\t<\/div>\n\t\t<\/section>\n\t\t\t\t<section class=\"elementor-section elementor-top-section elementor-element elementor-element-2c9e6b5 elementor-section-boxed elementor-section-height-default elementor-section-height-default\" data-id=\"2c9e6b5\" data-element_type=\"section\">\n\t\t\t\t\t\t<div class=\"elementor-container elementor-column-gap-default\">\n\t\t\t\t\t<div class=\"elementor-column elementor-col-100 elementor-top-column elementor-element elementor-element-9553575\" data-id=\"9553575\" data-element_type=\"column\">\n\t\t\t<div class=\"elementor-widget-wrap elementor-element-populated\">\n\t\t\t\t\t\t\t\t<div class=\"elementor-element elementor-element-7699d59 elementor-invisible elementor-widget elementor-widget-heading\" data-id=\"7699d59\" data-element_type=\"widget\" data-settings=\"{&quot;_animation&quot;:&quot;fadeInUp&quot;,&quot;_animation_delay&quot;:500}\" data-widget_type=\"heading.default\">\n\t\t\t\t<div class=\"elementor-widget-container\">\n\t\t\t<h2 class=\"elementor-heading-title elementor-size-default\"><a href=\"https:\/\/cembrasites.com.br\/fazzy\/termos-de-uso-de-cookies-sites-e-aplicativos\/\">Termos de Uso de Cookies, Sites e Aplicativos<\/a><\/h2>\t\t<\/div>\n\t\t\t\t<\/div>\n\t\t\t\t<div class=\"elementor-element elementor-element-4bbf99b elementor-invisible elementor-widget elementor-widget-heading\" data-id=\"4bbf99b\" data-element_type=\"widget\" data-settings=\"{&quot;_animation&quot;:&quot;fadeInUp&quot;,&quot;_animation_delay&quot;:500}\" data-widget_type=\"heading.default\">\n\t\t\t\t<div class=\"elementor-widget-container\">\n\t\t\t<h2 class=\"elementor-heading-title elementor-size-default\"><a href=\"https:\/\/cembrasites.com.br\/fazzy\/politica-de-privacidade\/\">Pol\u00edtica de Privacidade<\/a><\/h2>\t\t<\/div>\n\t\t\t\t<\/div>\n\t\t\t\t<div class=\"elementor-element elementor-element-bbfc305 elementor-invisible elementor-widget elementor-widget-heading\" data-id=\"bbfc305\" data-element_type=\"widget\" data-settings=\"{&quot;_animation&quot;:&quot;fadeInUp&quot;,&quot;_animation_delay&quot;:500}\" data-widget_type=\"heading.default\">\n\t\t\t\t<div class=\"elementor-widget-container\">\n\t\t\t<h2 class=\"elementor-heading-title elementor-size-default\"><a href=\"https:\/\/cembrasites.com.br\/fazzy\/direitos-do-titular\/\">Direitos do Titular<\/a><\/h2>\t\t<\/div>\n\t\t\t\t<\/div>\n\t\t\t\t<div class=\"elementor-element elementor-element-2c02727 elementor-widget elementor-widget-accordion\" data-id=\"2c02727\" data-element_type=\"widget\" data-widget_type=\"accordion.default\">\n\t\t\t\t<div class=\"elementor-widget-container\">\n\t\t\t\t\t<div class=\"elementor-accordion\" role=\"tablist\">\n\t\t\t\t\t\t\t<div class=\"elementor-accordion-item\">\n\t\t\t\t\t<div id=\"elementor-tab-title-4611\" class=\"elementor-tab-title\" data-tab=\"1\" role=\"tab\" aria-controls=\"elementor-tab-content-4611\" aria-expanded=\"false\">\n\t\t\t\t\t\t\t\t\t\t\t\t<a class=\"elementor-accordion-title\" href=\"\">Encarregado de Dados<\/a>\n\t\t\t\t\t<\/div>\n\t\t\t\t\t<div id=\"elementor-tab-content-4611\" class=\"elementor-tab-content elementor-clearfix\" data-tab=\"1\" role=\"tabpanel\" aria-labelledby=\"elementor-tab-title-4611\"><p>O encarregado de dados, tamb\u00e9m conhecido como Data Protection Officer ou DPO, \u00e9 a pessoa indicada pela Fazzy Internet para atuar como intermediador na comunica\u00e7\u00e3o entre n\u00f3s, os titulares de dados e a Autoridade Nacional de Prote\u00e7\u00e3o de Dados (ANPD).<\/p><p>\u00a0<\/p><p>A pessoa indicada para atuar como encarregado de dados da Fazzy Internet \u00e9\u00a0Marcel Scaramussa. A Fazzy Internet disponibiliza o e-mail\u00a0<a href=\"https:\/\/www.fazzy.com.br\/%E2%80%9Dmailto:lgpd@fazzy.com.br%E2%80%9D\">lgpd@fazzy.com.br<\/a>\u00a0ou o telefone 28-3333-1000 ramal 1013\u00a0para que voc\u00ea possa solicitar a consulta, a modifica\u00e7\u00e3o ou a remo\u00e7\u00e3o dos seus dados pessoais armazenados.<\/p><\/div>\n\t\t\t\t<\/div>\n\t\t\t\t\t\t\t\t<\/div>\n\t\t\t\t<\/div>\n\t\t\t\t<\/div>\n\t\t\t\t\t<\/div>\n\t\t<\/div>\n\t\t\t\t\t\t\t<\/div>\n\t\t<\/section>\n\t\t\t\t\t\t\t<\/div>\n\t\t","protected":false},"excerpt":{"rendered":"<p>LGPD https:\/\/cembrasites.com.br\/fazzy\/wp-content\/uploads\/2022\/12\/LGPD.mp4 LGPD O que \u00e9 a LGPD? A\u00a0Lei n. 13.709\/2018, conhecida como Lei Geral de Prote\u00e7\u00e3o de Dados ou LGPD, disp\u00f5e sobre o tratamento de dados pessoais no Brasil. O que s\u00e3o dados pessoais? Os dados pessoais s\u00e3o todas as informa\u00e7\u00f5es relacionadas \u00e0 pessoa f\u00edsica identificada ou identific\u00e1vel, ou seja, seu nome completo, CPF, [&hellip;]<\/p>\n","protected":false},"author":1,"featured_media":0,"parent":0,"menu_order":0,"comment_status":"closed","ping_status":"closed","template":"","meta":{"footnotes":"","_joinchat":[]},"_links":{"self":[{"href":"https:\/\/cembrasites.com.br\/fazzy\/wp-json\/wp\/v2\/pages\/2637"}],"collection":[{"href":"https:\/\/cembrasites.com.br\/fazzy\/wp-json\/wp\/v2\/pages"}],"about":[{"href":"https:\/\/cembrasites.com.br\/fazzy\/wp-json\/wp\/v2\/types\/page"}],"author":[{"embeddable":true,"href":"https:\/\/cembrasites.com.br\/fazzy\/wp-json\/wp\/v2\/users\/1"}],"replies":[{"embeddable":true,"href":"https:\/\/cembrasites.com.br\/fazzy\/wp-json\/wp\/v2\/comments?post=2637"}],"version-history":[{"count":86,"href":"https:\/\/cembrasites.com.br\/fazzy\/wp-json\/wp\/v2\/pages\/2637\/revisions"}],"predecessor-version":[{"id":2796,"href":"https:\/\/cembrasites.com.br\/fazzy\/wp-json\/wp\/v2\/pages\/2637\/revisions\/2796"}],"wp:attachment":[{"href":"https:\/\/cembrasites.com.br\/fazzy\/wp-json\/wp\/v2\/media?parent=2637"}],"curies":[{"name":"wp","href":"https:\/\/api.w.org\/{rel}","templated":true}]}}