{"id":2627,"date":"2022-12-16T10:33:27","date_gmt":"2022-12-16T10:33:27","guid":{"rendered":"https:\/\/cembrasites.com.br\/fazzy\/?page_id=2627"},"modified":"2022-12-16T10:38:17","modified_gmt":"2022-12-16T10:38:17","slug":"termos-de-uso-de-cookies-sites-e-aplicativos","status":"publish","type":"page","link":"https:\/\/cembrasites.com.br\/fazzy\/termos-de-uso-de-cookies-sites-e-aplicativos\/","title":{"rendered":"Termos de uso de Cookies, Sites e Aplicativos"},"content":{"rendered":"\n<p>Data de Cria\u00e7\u00e3o\/Altera\u00e7\u00e3o: 16\/12\/2022<\/p>\n\n\n\n<p>Este documento tem o prop\u00f3sito de definir as principais diretrizes a respeito da coleta de cookies e outros rastros digitais nos sites e aplicativos disponibilizados pela Fazzy internet Eireli, aqui denominada de Fazzy internet, bem como estabelecer as regras para utiliza\u00e7\u00e3o de seus sites e aplicativos. Este documento deve ser lido em complemento \u00e0\u00a0<a href=\"https:\/\/cembrasites.com.br\/fazzy\/politica-de-privacidade\/\">Pol\u00edtica de Privacidade.<\/a><\/p>\n\n\n\n<p><\/p>\n\n\n\n<h4 class=\"wp-block-heading\">1 \u2013 COOKIES<\/h4>\n\n\n\n<h3 class=\"wp-block-heading\">1.1 &#8211; O que s\u00e3o cookies?<\/h3>\n\n\n\n<p>1.1.1. Os sites e aplicativos da Fazzy internet utilizam tecnologia de identifica\u00e7\u00e3o baseada em cookies, que se caracterizam como pequenos arquivos de texto enviados atrav\u00e9s da internet para o navegador do usu\u00e1rio para observar h\u00e1bitos de visita.<\/p>\n\n\n\n<p>1.1.2. Os cookies ficam armazenados no dispositivo do usu\u00e1rio e permitem o reconhecimento dos dispositivos que acessam o s\u00edtio ou aplicativo da Fazzy internet com a finalidade de lembrar prefer\u00eancias, oferecer produtos dispon\u00edveis e analisar audi\u00eancias, tornando a experi\u00eancia do usu\u00e1rio com a utiliza\u00e7\u00e3o do site e aplicativo mais produtiva.<\/p>\n\n\n\n<p>1.1.3. Os cookies utilizados nos servi\u00e7os da Fazzy internet tamb\u00e9m podem acionar outras tecnologias de coleta de dados, tais como os beacons (tamb\u00e9m conhecidos como pixel tags ou clear gifs).<\/p>\n\n\n\n<p>1.1.4. Os beacons s\u00e3o pequenos blocos de c\u00f3digo inseridos nos servi\u00e7os digitais e servem para ajudar a gerenciar e aperfei\u00e7oar os servi\u00e7os, sistemas, publicidade e an\u00fancios online e demais ferramentas. Eles podem ser inclu\u00eddos tamb\u00e9m em mensagens de e-mail que s\u00e3o enviadas para determinar quais foram abertas e indicar se a mensagem resultou em uma a\u00e7\u00e3o.<\/p>\n\n\n\n<p>1.1.5. Ap\u00f3s aceitos, os cookies agem como \u201ccart\u00e3o de visita\u201d do usu\u00e1rio, ou seja, s\u00e3o uma forma de facilitar a identifica\u00e7\u00e3o na conex\u00e3o com o site e o aplicativo.<\/p>\n\n\n\n<h3 class=\"wp-block-heading\">1.2 &#8211; Entenda os tipos de cookies<\/h3>\n\n\n\n<p>1.2.1. Alguns cookies s\u00e3o necess\u00e1rios para o correto e completo funcionamento do site e aplicativos da Fazzy internet.<\/p>\n\n\n\n<p>1.2.2. Outros cookies s\u00e3o utilizados apenas com o consentimento do usu\u00e1rio e t\u00eam o prop\u00f3sito de individualizar conte\u00fados a partir de interesses identificados ou coletar dados estat\u00edsticos.<\/p>\n\n\n\n<p>1.2.3. Tipos de cookies<\/p>\n\n\n\n<ul id=\"lista\">\n<li><strong>\u25cf Necess\u00e1rios:<\/strong>&nbsp;s\u00e3o de uso obrigat\u00f3rio e permitem que os recursos b\u00e1sicos do site e aplicativo funcionem, como fornecer credenciais de login seguro, lembrar a cidade do usu\u00e1rio ou n\u00e3o mostrar avisos que j\u00e1 foram exibidos. Quando estes cookies s\u00e3o removidos pelo usu\u00e1rio, determinadas fun\u00e7\u00f5es e facilidades dos servi\u00e7os podem parar de funcionar;<\/li>\n\n\n\n<li><strong>\u25cf Est\u00e1ticos:<\/strong>&nbsp;s\u00e3o usados para rastrear dados anonimizados para fins estat\u00edsticos e anal\u00edticos. Por exemplo, podem ser rastreadas informa\u00e7\u00f5es de como o usu\u00e1rio chegou at\u00e9 o website. Nesta hip\u00f3tese, o usu\u00e1rio pode ser identificado se ele estiver conectado a uma conta do coletor de dados;<\/li>\n\n\n\n<li><strong>\u25cf Personaliza\u00e7\u00e3o:&nbsp;<\/strong>permite que um servi\u00e7o armazene no dispositivo do usu\u00e1rio algumas informa\u00e7\u00f5es para determinar o que exibir ou como se comportar. Por exemplo, salvar no navegador dados preenchidos em formul\u00e1rios para que o usu\u00e1rio n\u00e3o necessite preench\u00ea-los novamente;<\/li>\n\n\n\n<li><strong>\u25cf Publicidade:&nbsp;<\/strong>s\u00e3o utilizados para acompanhar os visitantes, construir um perfil de pesquisa, hist\u00f3rico de navega\u00e7\u00e3o ou selecionar publicidade com base no que \u00e9 relevante para o usu\u00e1rio. Para que isso aconte\u00e7a, pode ser necess\u00e1rio compartilhar alguns dados de busca do usu\u00e1rio com anunciantes online, como o Google;<\/li>\n<\/ul>\n\n\n\n<p>1.2.4. Websites da Fazzy internet, de terceiros ou de parceiros comerciais da Fazzy internet poder\u00e3o utilizar seus pr\u00f3prios cookies ou beacons, dos quais podem n\u00e3o operar nos mesmos Termos de Uso de Cookies ou Declara\u00e7\u00e3o de Privacidade. Dessa forma, a Fazzy internet n\u00e3o se responsabiliza por estes websites e conte\u00fados e, ainda, n\u00e3o compartilha, subscreve, monitora, valida ou aceita a forma como esses sites ou ferramentas de armazenamento de conte\u00fado coletam, processam e transferem suas informa\u00e7\u00f5es pessoais e privadas. Recomenda-se que os usu\u00e1rios consultem suas respectivas pol\u00edticas de privacidade para informar-se adequadamente a respeito do uso de seus dados pessoais por outros sites e ferramentas.<\/p>\n\n\n\n<h3 class=\"wp-block-heading\">1.3 &#8211; Quais informa\u00e7\u00f5es poder\u00e3o ser coletadas atrav\u00e9s dos cookies?<\/h3>\n\n\n\n<p>1.3.1. Os sites e aplicativos da Fazzy internet poder\u00e3o coletar as seguintes informa\u00e7\u00f5es do usu\u00e1rio:<\/p>\n\n\n\n<ul id=\"lista\">\n<li>\u25cf Endere\u00e7o IP (protocolo de Internet);<\/li>\n\n\n\n<li>\u25cf Localiza\u00e7\u00e3o;<\/li>\n\n\n\n<li>\u25cf Data e hora do acesso com indica\u00e7\u00e3o da diferen\u00e7a de fuso hor\u00e1rio;<\/li>\n\n\n\n<li>\u25cf Navegador e vers\u00e3o, idioma e sistema operacional;<\/li>\n\n\n\n<li>\u25cf Status do acesso\/c\u00f3digo de status HTTP.<\/li>\n<\/ul>\n\n\n\n<p>1.3.2. Os cookies podem ser consultados e gerenciados atrav\u00e9s da ferramenta de consentimento Controle de Privacidade. A ferramenta pode ser acessada atrav\u00e9s do bot\u00e3o &#8220;Configurar cookies&#8221; disponibilizado no rodap\u00e9 de cada p\u00e1gina.<\/p>\n\n\n\n<h3 class=\"wp-block-heading\">1.4 &#8211; Os cookies s\u00e3o seguros?<\/h3>\n\n\n\n<p>1.4.1. Um cookie n\u00e3o pode ler informa\u00e7\u00f5es do disco r\u00edgido do dispositivo do usu\u00e1rio, sendo poss\u00edvel apenas conhecer as prefer\u00eancias do usu\u00e1rio e disponibilizar conte\u00fados personalizados de acordo com os interesses identificados.<\/p>\n\n\n\n<p>1.4.2. Portanto, os cookies s\u00e3o seguros, privados, an\u00f4nimos, n\u00e3o transmitem v\u00edrus e s\u00e3o utilizados para benef\u00edcio dos usu\u00e1rios e visitantes.<\/p>\n\n\n\n<h3 class=\"wp-block-heading\">1.5 &#8211;<\/h3>\n\n\n\n<p>1.5.1. Ao utilizar um site ou aplicativo da Fazzy internet, \u00e9 permitido ao usu\u00e1rio especificar configura\u00e7\u00f5es diferentes para zonas de seguran\u00e7a distintas.<\/p>\n\n\n\n<p>1.5.2. E, mesmo que o usu\u00e1rio tenha aceitado os cookies em dada oportunidade, \u00e9 permitido, a qualquer momento, alterar as configura\u00e7\u00f5es para n\u00e3o aceitar novamente os cookies e\/ou excluir aqueles que j\u00e1 estejam salvos no dispositivo.<\/p>\n\n\n\n<p>1.5.3. Os dados armazenados em navegadores de internet podem ser removidos ao limpar os dados de navega\u00e7\u00e3o ao fim da visita a um website da Fazzy internet.<\/p>\n\n\n\n<p>1.5.4. Os dados armazenados por aplicativos da Fazzy internet podem ser removidos nas configura\u00e7\u00f5es de aplicativos do sistema operacional do dispositivo.<\/p>\n\n\n\n<p>1.5.5. Importante: \u00e9 necess\u00e1rio configurar cada navegador de cada dispositivo para que suas prefer\u00eancias e configura\u00e7\u00f5es fiquem salvas.<\/p>\n\n\n\n<h3 class=\"wp-block-heading\">1.6 &#8211; Por quanto tempo s\u00e3o armazenados os cookies?<\/h3>\n\n\n\n<p>1.6.1. Os cookies ser\u00e3o armazenados em servidores pr\u00f3prios ou de parceiros pelo per\u00edodo de 12 (doze) meses.<\/p>\n\n\n\n<p>1.6.2. O tempo de armazenamento dos dados no dispositivo do usu\u00e1rio varia de acordo com o prop\u00f3sito de sua utiliza\u00e7\u00e3o. Em regra, os cookies concebidos por servi\u00e7os da Fazzy internet costumam armazenar informa\u00e7\u00f5es no dispositivo por cerca de trinta dias ap\u00f3s o \u00faltimo processamento. Em rela\u00e7\u00e3o aos cookies concebidos por terceiros, a Fazzy internet n\u00e3o possui controle sobre a intera\u00e7\u00e3o, sendo necess\u00e1rio consultar o prazo no website do terceiro.<\/p>\n\n\n\n<h3 class=\"wp-block-heading\">1.7 &#8211; Quais as finalidades para utiliza\u00e7\u00e3o dos cookies?<\/h3>\n\n\n\n<p>1.7.1. As principais finalidades s\u00e3o: armazenar textos digitados em campos de formul\u00e1rios do site e do aplicativo para que n\u00e3o seja necess\u00e1rio inserir o dado em cada visita ou ao navegar entre as p\u00e1ginas do site; customizar ofertas e conte\u00fados do site e aplicativo de acordo com os dados informados (como a localiza\u00e7\u00e3o e perfil); an\u00e1lise de padr\u00e3o de tr\u00e1fego e volume de dados transferidos, dentre outras.<\/p>\n\n\n\n<h4 class=\"wp-block-heading\">2 &#8211; Sites e Aplicativos<\/h4>\n\n\n\n<h3 class=\"wp-block-heading\">2.1 &#8211; Regras Gerais<\/h3>\n\n\n\n<p>2.1.1. Todas as informa\u00e7\u00f5es a respeito das credenciais para acesso aos canais da Fazzy internet, quando exigidas, s\u00e3o de uso exclusivo do usu\u00e1rio e n\u00e3o devem ser repassadas a terceiros.<\/p>\n\n\n\n<p>2.1.2. Os dados devem ser protegidos pelo usu\u00e1rio e, no encerramento das opera\u00e7\u00f5es, este deve ter o cuidado de sair dos sites e aplicativos da Fazzy internet de forma apropriada (logout).<\/p>\n\n\n\n<p>2.1.3. Para maior seguran\u00e7a, n\u00e3o \u00e9 recomendada a utiliza\u00e7\u00e3o de senhas consideradas f\u00e1ceis quando da utiliza\u00e7\u00e3o do site, plataforma e aplicativos da Fazzy internet.<\/p>\n\n\n\n<p>2.1.4. O cadastramento apenas ser\u00e1 efetivado mediante a pr\u00e9via an\u00e1lise e concord\u00e2ncia pelo usu\u00e1rio da Declara\u00e7\u00e3o de Privacidade e dos presentes Termos de Uso.<\/p>\n\n\n\n<p>2.1.5. A Fazzy internet se reserva o direito de utilizar meios v\u00e1lidos e poss\u00edveis para identificar o usu\u00e1rio, bem como solicitar os dados adicionais e documentos pertinentes a fim de conferir os dados informados.<\/p>\n\n\n\n<p>2.1.6. Na hip\u00f3tese de ser identificada qualquer suspeita ou inveracidade dos dados cadastrais, constatando que estejam incorretos ou inver\u00eddicos, ou na hip\u00f3tese de o usu\u00e1rio descumprir as condi\u00e7\u00f5es estabelecidas nestes Termos de Uso, a Fazzy internet se reserva o direito de suspender o acesso e\/ou cancelar definitivamente o cadastro, sem preju\u00edzo de outras medidas que entender necess\u00e1rias.<\/p>\n\n\n\n<p>2.1.7. A Fazzy internet n\u00e3o ser\u00e1 respons\u00e1vel por qualquer dano ocasionado em decorr\u00eancia do uso desautorizado dos dados do usu\u00e1rio.<\/p>\n\n\n\n<p>2.1.8. Viola\u00e7\u00f5es de seguran\u00e7a aos sites ou aplicativos da Fazzy internet poder\u00e3o resultar em responsabiliza\u00e7\u00e3o civil, administrativa e\/ou criminal.<\/p>\n\n\n\n<p>2.1.9. A Fazzy internet adverte que a utiliza\u00e7\u00e3o de alguns servi\u00e7os disponibilizados em seus sites e aplicativos somente poder\u00e1 ser realizada mediante inscri\u00e7\u00e3o, registro ou preenchimento de formul\u00e1rio pelo usu\u00e1rio.<\/p>\n\n\n\n<h3 class=\"wp-block-heading\">2.2 &#8211; Das obriga\u00e7\u00f5es do usu\u00e1rio<\/h3>\n\n\n\n<p>2.2.1. O usu\u00e1rio obriga-se a:<\/p>\n\n\n\n<ul id=\"lista\">\n<li>\u25cf responsabilizar-se, \u00fanica e exclusivamente, pela guarda e manuten\u00e7\u00e3o do sigilo e da seguran\u00e7a de seus dados e suas credenciais (login e senha), eximindo a Fazzy internet de quaisquer responsabilidades pelo uso indevido de tais informa\u00e7\u00f5es;<\/li>\n\n\n\n<li>\u25cf n\u00e3o revelar informa\u00e7\u00f5es de seus dados a ningu\u00e9m, nem utilizar dados de outro usu\u00e1rio, sendo integralmente respons\u00e1vel por todas as atividades que ocorram em sua conta de acesso;<\/li>\n\n\n\n<li>\u25cf notificar imediatamente a Fazzy internet a respeito de qualquer utiliza\u00e7\u00e3o n\u00e3o autorizada, suspeita de fraude ou de qualquer outra viola\u00e7\u00e3o de seguran\u00e7a;<\/li>\n\n\n\n<li>\u25cf cumprir as regras de utiliza\u00e7\u00e3o do site e aplicativo disponibilizados e n\u00e3o violar nenhum componente de seguran\u00e7a;<\/li>\n\n\n\n<li>\u25cf n\u00e3o tentar e nem auxiliar terceiros a contornar, praticar engenharia reversa, desagregar ou, por qualquer outra forma, interferir com quaisquer componentes de seguran\u00e7a a respeito dessas regras de utiliza\u00e7\u00e3o, para qualquer finalidade;<\/li>\n\n\n\n<li>\u25cf n\u00e3o efetuar qualquer tentativa de acesso ao cadastro de terceiros, a menos que seja devidamente autorizado;<\/li>\n\n\n\n<li>\u25cf n\u00e3o modificar o site e os aplicativos da Fazzy internet de qualquer modo ou forma ou utilizar vers\u00f5es modificadas para quaisquer fins, inclusive para obten\u00e7\u00e3o de acesso desautorizado aos servi\u00e7os oferecidos pelo site e aplicativo;<\/li>\n\n\n\n<li>\u25cf manter as informa\u00e7\u00f5es pessoais e cadastrais sempre atualizadas e;<\/li>\n\n\n\n<li>\u25cf responder, civil e criminalmente, pela veracidade das informa\u00e7\u00f5es cadastrais.<\/li>\n<\/ul>\n\n\n\n<h3 class=\"wp-block-heading\">2.3 &#8211; Da propriedade intelectual<\/h3>\n\n\n\n<p>2.3.1. Os direitos autorais de todo conte\u00fado dispon\u00edvel nos canais de comunica\u00e7\u00e3o da Fazzy internet, como sites e aplicativos, incluindo textos, p\u00e1ginas, ilustra\u00e7\u00f5es, gr\u00e1ficos, relat\u00f3rios, dados t\u00e9cnicos e materiais, s\u00e3o protegidos pela Lei n. 9.610\/1998.<\/p>\n\n\n\n<p>2.3.2. A reprodu\u00e7\u00e3o, adapta\u00e7\u00e3o, modifica\u00e7\u00e3o ou utiliza\u00e7\u00e3o n\u00e3o autorizada do conte\u00fado disponibilizado pela Fazzy internet, parcial ou integralmente, \u00e9 expressamente proibida. O uso da logomarca da Fazzy internet \u00e9 exclusivo da sociedade, sendo vedada a sua utiliza\u00e7\u00e3o para qualquer fim por terceiros, salvo pr\u00e9via e expressa autoriza\u00e7\u00e3o da Fazzy internet.<\/p>\n\n\n\n<p>2.3.3. O uso da logomarca da Fazzy internet \u00e9 exclusivo da sociedade, sendo vedada a sua utiliza\u00e7\u00e3o para qualquer fim por terceiros, salvo pr\u00e9via e expressa autoriza\u00e7\u00e3o da Fazzy internet.<\/p>\n\n\n\n<h4 class=\"wp-block-heading\">3 &#8211; Foro<\/h4>\n\n\n\n<p>3.1. O presente documento ser\u00e1 interpretado segundo a legisla\u00e7\u00e3o brasileira, no idioma portugu\u00eas, sendo eleito o Foro da Comarca de Vargem Alta\/ES para dirimir qualquer lit\u00edgio, quest\u00e3o ou d\u00favida superveniente, com expressa ren\u00fancia de qualquer outro, por mais privilegiado que seja.<\/p>\n\n\n\n<h4 class=\"wp-block-heading\">4 &#8211; Atualiza\u00e7\u00e3o<\/h4>\n\n\n\n<p>4.1. A Fazzy internet se reserva o direito de, a qualquer momento e periodicamente, atualizar, rever, complementar ou, de qualquer outra forma, modificar o presente documento e impor regras, diretrizes, termos ou condi\u00e7\u00f5es novas ou adicionais ao uso dos servi\u00e7os oferecidos por meio dos canais acima citados, ou, ainda, intera\u00e7\u00f5es com os sistemas de sua propriedade. Assim, recomenda-se que o titular acesse periodicamente este documento.<\/p>\n\n\n\n<p>4.2. Este documento intitulado de \u201cTermos de Uso de Cookies, Sites e Aplicativos\u201d est\u00e1 na primeira vers\u00e3o e foi disponibilizado em 12 de abril de 2021.<\/p>\n","protected":false},"excerpt":{"rendered":"<p>Data de Cria\u00e7\u00e3o\/Altera\u00e7\u00e3o: 16\/12\/2022 Este documento tem o prop\u00f3sito de definir as principais diretrizes a respeito da coleta de cookies e outros rastros digitais nos sites e aplicativos disponibilizados pela Fazzy internet Eireli, aqui denominada de Fazzy internet, bem como estabelecer as regras para utiliza\u00e7\u00e3o de seus sites e aplicativos. Este documento deve ser lido [&hellip;]<\/p>\n","protected":false},"author":1,"featured_media":0,"parent":0,"menu_order":0,"comment_status":"closed","ping_status":"closed","template":"","meta":{"footnotes":"","_joinchat":[]},"_links":{"self":[{"href":"https:\/\/cembrasites.com.br\/fazzy\/wp-json\/wp\/v2\/pages\/2627"}],"collection":[{"href":"https:\/\/cembrasites.com.br\/fazzy\/wp-json\/wp\/v2\/pages"}],"about":[{"href":"https:\/\/cembrasites.com.br\/fazzy\/wp-json\/wp\/v2\/types\/page"}],"author":[{"embeddable":true,"href":"https:\/\/cembrasites.com.br\/fazzy\/wp-json\/wp\/v2\/users\/1"}],"replies":[{"embeddable":true,"href":"https:\/\/cembrasites.com.br\/fazzy\/wp-json\/wp\/v2\/comments?post=2627"}],"version-history":[{"count":3,"href":"https:\/\/cembrasites.com.br\/fazzy\/wp-json\/wp\/v2\/pages\/2627\/revisions"}],"predecessor-version":[{"id":2631,"href":"https:\/\/cembrasites.com.br\/fazzy\/wp-json\/wp\/v2\/pages\/2627\/revisions\/2631"}],"wp:attachment":[{"href":"https:\/\/cembrasites.com.br\/fazzy\/wp-json\/wp\/v2\/media?parent=2627"}],"curies":[{"name":"wp","href":"https:\/\/api.w.org\/{rel}","templated":true}]}}